{"id":999,"date":"2021-08-26T12:48:56","date_gmt":"2021-08-26T10:48:56","guid":{"rendered":"http:\/\/vita.sk.vps324.nameserver.sk\/?post_type=product&#038;p=999"},"modified":"2025-07-31T14:55:51","modified_gmt":"2025-07-31T12:55:51","slug":"online-kurz-microsoft-project-i-zaciatocnik","status":"publish","type":"product","link":"https:\/\/www.vita.sk\/en\/online-kurz-microsoft-project-i-zaciatocnik\/","title":{"rendered":"Online kurz Microsoft Project I. Za\u010diato\u010dn\u00edk"},"content":{"rendered":"<p>Online kurz Microsoft Project I. Za\u010diato\u010dn\u00edk je pre v\u00e1s ide\u00e1lny, ak sa chcete nau\u010di\u0165 efekt\u00edvne riadi\u0165 projekty pomocou n\u00e1stroja Microsoft Project. <strong>Ide o jedin\u00fd akreditovan\u00fd a certifikovan\u00fd kurz na Microsoft Project na Slovensku. <\/strong>Tento kurz v\u00e1s nau\u010d\u00ed z\u00e1klady pou\u017e\u00edvania tohto siln\u00e9ho n\u00e1stroja na pl\u00e1novanie, sledovanie a spr\u00e1vu projektov. Nau\u010d\u00edte sa vytv\u00e1ra\u0165 a spravova\u0165 projektov\u00e9 pl\u00e1ny, definova\u0165 \u00falohy a term\u00edny, prira\u010fova\u0165 zdroje a sledova\u0165 pokrok projektu. Okrem toho sa obozn\u00e1mite s vytv\u00e1ran\u00edm a \u00fapravou Ganttov\u00fdch diagramov, ktor\u00e9 s\u00fa neocenite\u013en\u00fdm n\u00e1strojom pre vizualiz\u00e1ciu \u010dasov\u00fdch r\u00e1mcov projektu. Kurz sa zameriava aj na spr\u00e1vu n\u00e1kladov, pl\u00e1novanie zdrojov a vytv\u00e1ranie r\u00f4znych preh\u013eadov, ktor\u00e9 v\u00e1m pom\u00f4\u017eu efekt\u00edvne riadi\u0165 projektov\u00e9 aktivity.\u00a0Po absolvovan\u00ed kurzu budete schopn\u00ed samostatne pracova\u0165 s Microsoft Project pri pl\u00e1novan\u00ed a monitorovan\u00ed projektov v r\u00f4znych oblastiach. Nau\u010d\u00edte sa riadi\u0165 pridelen\u00e9 zdroje a mana\u017eova\u0165 rizik\u00e1 v r\u00e1mci projektov. Z\u00edskate praktick\u00e9 zru\u010dnosti na vytv\u00e1ranie detailn\u00fdch projektov\u00fdch pl\u00e1nov, spr\u00e1vu rozpo\u010dtu a zdrojov, a predv\u00eddanie a rie\u0161enie probl\u00e9mov v r\u00e1mci projektov\u00e9ho riadenia. Budete vedie\u0165 vytv\u00e1ra\u0165 a upravova\u0165 harmonogram projektu pomocou r\u00f4znych n\u00e1strojov, ako je \u010dasov\u00e1 os a zdroje. Nau\u010d\u00edte sa nielen z\u00e1klady pr\u00e1ce s t\u00fdmto n\u00e1strojom, ale aj pokro\u010dil\u00e9 techniky, ktor\u00e9 v\u00e1m umo\u017enia optimalizova\u0165 riadenie projektov v praxi. S t\u00fdmito zru\u010dnos\u0165ami budete pripraven\u00ed na efekt\u00edvne riadenie projektov v ka\u017edom pracovnom prostred\u00ed. Ak sa chcete skuto\u010dne nau\u010di\u0165 pou\u017e\u00edva\u0165 Microsoft Project, tak toto je ide\u00e1lny vstupn\u00fd online kurz pre v\u00e1s.<\/p>\n","protected":false},"excerpt":{"rendered":"<p>Online kurz Microsoft Project I. Za\u010diato\u010dn\u00edk je pre v\u00e1s ide\u00e1lny, ak sa chcete nau\u010di\u0165 efekt\u00edvne riadi\u0165 projekty pomocou n\u00e1stroja Microsoft Project. Ide o jedin\u00fd akreditovan\u00fd a certifikovan\u00fd kurz na Microsoft Project na Slovensku. Tento kurz v\u00e1s nau\u010d\u00ed z\u00e1klady pou\u017e\u00edvania tohto siln\u00e9ho n\u00e1stroja na pl\u00e1novanie, sledovanie a spr\u00e1vu projektov.","protected":false},"author":4,"featured_media":1161,"comment_status":"open","ping_status":"closed","template":"","meta":{"_acf_changed":false},"product_brand":[],"product_cat":[66,84,132,88,73],"product_tag":[187],"class_list":{"0":"post-999","1":"product","2":"type-product","3":"status-publish","4":"has-post-thumbnail","6":"product_cat-online-kurzy-kancelarske-baliky","7":"product_cat-online-kurzy-manazerske-kurzy-soft-skills","8":"product_cat-online-kurzy-microsoft-project","9":"product_cat-online-kurzy-projektovy-manazment-v-it","10":"product_cat-bez-kategorie","11":"product_tag-kancelarske-baliky","13":"first","14":"instock","15":"sale","16":"sold-individually","17":"taxable","18":"shipping-taxable","19":"purchasable","20":"product-type-simple"},"yoast_head":"<!-- This site is optimized with the Yoast SEO Premium plugin v25.0 (Yoast SEO v25.0) - https:\/\/yoast.com\/wordpress\/plugins\/seo\/ -->\n<title>Online kurz Microsoft Project pre za\u010diato\u010dn\u00edkov 2026 | VITA<\/title>\n<meta name=\"description\" content=\"V online kurze Microsoft Project pre za\u010diato\u010dn\u00edkov v\u00e1s nau\u010d\u00edme zalo\u017ei\u0165 vlastn\u00fd projekt, definova\u0165 nov\u00e9 \u00falohy a orientova\u0165 sa v rozhran\u00ed. \u2705\" \/>\n<meta name=\"robots\" content=\"index, follow, max-snippet:-1, max-image-preview:large, max-video-preview:-1\" \/>\n<link rel=\"canonical\" href=\"https:\/\/www.vita.sk\/online-kurz-microsoft-project-i-zaciatocnik\/\" \/>\n<meta property=\"og:locale\" content=\"en_US\" \/>\n<meta property=\"og:type\" content=\"article\" \/>\n<meta property=\"og:title\" content=\"Online kurz Microsoft Project I. Za\u010diato\u010dn\u00edk\" \/>\n<meta property=\"og:description\" content=\"V online kurze Microsoft Project pre za\u010diato\u010dn\u00edkov v\u00e1s nau\u010d\u00edme zalo\u017ei\u0165 vlastn\u00fd projekt, definova\u0165 nov\u00e9 \u00falohy a orientova\u0165 sa v rozhran\u00ed. \u2705\" \/>\n<meta property=\"og:url\" content=\"https:\/\/www.vita.sk\/online-kurz-microsoft-project-i-zaciatocnik\/\" \/>\n<meta property=\"og:site_name\" content=\"VITA\" \/>\n<meta property=\"article:publisher\" content=\"https:\/\/www.facebook.com\/VitaAcademySK\" \/>\n<meta property=\"article:modified_time\" content=\"2025-07-31T12:55:51+00:00\" \/>\n<meta property=\"og:image\" content=\"https:\/\/www.vita.sk\/wp-content\/uploads\/2019\/08\/microsoft-project.png\" \/>\n\t<meta property=\"og:image:width\" content=\"360\" \/>\n\t<meta property=\"og:image:height\" content=\"360\" \/>\n\t<meta property=\"og:image:type\" content=\"image\/png\" \/>\n<meta name=\"twitter:card\" content=\"summary_large_image\" \/>\n<meta name=\"twitter:label1\" content=\"Est. reading time\" \/>\n\t<meta name=\"twitter:data1\" content=\"2 minutes\" \/>\n<script type=\"application\/ld+json\" class=\"yoast-schema-graph\">{\n\t    \"@context\": \"https:\/\/schema.org\",\n\t    \"@graph\": [\n\t        {\n\t            \"@type\": \"WebPage\",\n\t            \"@id\": \"https:\/\/www.vita.sk\/online-kurz-microsoft-project-i-zaciatocnik\/\",\n\t            \"url\": \"https:\/\/www.vita.sk\/online-kurz-microsoft-project-i-zaciatocnik\/\",\n\t            \"name\": \"Online kurz Microsoft Project pre za\u010diato\u010dn\u00edkov {Y} | VITA\",\n\t            \"isPartOf\": {\n\t                \"@id\": \"https:\/\/www.vita.sk\/#website\"\n\t            },\n\t            \"primaryImageOfPage\": {\n\t                \"@id\": \"https:\/\/www.vita.sk\/online-kurz-microsoft-project-i-zaciatocnik\/#primaryimage\"\n\t            },\n\t            \"image\": {\n\t                \"@id\": \"https:\/\/www.vita.sk\/online-kurz-microsoft-project-i-zaciatocnik\/#primaryimage\"\n\t            },\n\t            \"thumbnailUrl\": \"https:\/\/www.vita.sk\/wp-content\/uploads\/2019\/08\/microsoft-project.png\",\n\t            \"datePublished\": \"2021-08-26T10:48:56+00:00\",\n\t            \"dateModified\": \"2025-07-31T12:55:51+00:00\",\n\t            \"description\": \"V online kurze Microsoft Project pre za\u010diato\u010dn\u00edkov v\u00e1s nau\u010d\u00edme zalo\u017ei\u0165 vlastn\u00fd projekt, definova\u0165 nov\u00e9 \u00falohy a orientova\u0165 sa v rozhran\u00ed. \u2705\",\n\t            \"breadcrumb\": {\n\t                \"@id\": \"https:\/\/www.vita.sk\/online-kurz-microsoft-project-i-zaciatocnik\/#breadcrumb\"\n\t            },\n\t            \"inLanguage\": \"en-US\",\n\t            \"potentialAction\": [\n\t                {\n\t                    \"@type\": \"ReadAction\",\n\t                    \"target\": [\n\t                        \"https:\/\/www.vita.sk\/online-kurz-microsoft-project-i-zaciatocnik\/\"\n\t                    ]\n\t                }\n\t            ]\n\t        },\n\t        {\n\t            \"@type\": \"ImageObject\",\n\t            \"inLanguage\": \"en-US\",\n\t            \"@id\": \"https:\/\/www.vita.sk\/online-kurz-microsoft-project-i-zaciatocnik\/#primaryimage\",\n\t            \"url\": \"https:\/\/www.vita.sk\/wp-content\/uploads\/2019\/08\/microsoft-project.png\",\n\t            \"contentUrl\": \"https:\/\/www.vita.sk\/wp-content\/uploads\/2019\/08\/microsoft-project.png\",\n\t            \"width\": 360,\n\t            \"height\": 360,\n\t            \"caption\": \"Online kurz Microsoft Project\"\n\t        },\n\t        {\n\t            \"@type\": \"BreadcrumbList\",\n\t            \"@id\": \"https:\/\/www.vita.sk\/online-kurz-microsoft-project-i-zaciatocnik\/#breadcrumb\",\n\t            \"itemListElement\": [\n\t                {\n\t                    \"@type\": \"ListItem\",\n\t                    \"position\": 1,\n\t                    \"name\": \"VITA Academy\",\n\t                    \"item\": \"https:\/\/www.vita.sk\/en\/\"\n\t                },\n\t                {\n\t                    \"@type\": \"ListItem\",\n\t                    \"position\": 2,\n\t                    \"name\": \"Shop\",\n\t                    \"item\": \"https:\/\/www.vita.sk\/shop\/\"\n\t                },\n\t                {\n\t                    \"@type\": \"ListItem\",\n\t                    \"position\": 3,\n\t                    \"name\": \"Kancel\u00e1rske Bal\u00edky\",\n\t                    \"item\": \"https:\/\/www.vita.sk\/online-kurzy-kancelarske-baliky\/\"\n\t                },\n\t                {\n\t                    \"@type\": \"ListItem\",\n\t                    \"position\": 4,\n\t                    \"name\": \"Microsoft Project\",\n\t                    \"item\": \"https:\/\/www.vita.sk\/online-kurzy-microsoft-project\/\"\n\t                },\n\t                {\n\t                    \"@type\": \"ListItem\",\n\t                    \"position\": 5,\n\t                    \"name\": \"Online kurz Microsoft Project I. Za\u010diato\u010dn\u00edk\"\n\t                }\n\t            ]\n\t        },\n\t        {\n\t            \"@type\": \"WebSite\",\n\t            \"@id\": \"https:\/\/www.vita.sk\/#website\",\n\t            \"url\": \"https:\/\/www.vita.sk\/\",\n\t            \"name\": \"VITA\",\n\t            \"description\": \"\",\n\t            \"publisher\": {\n\t                \"@id\": \"https:\/\/www.vita.sk\/#organization\"\n\t            },\n\t            \"potentialAction\": [\n\t                {\n\t                    \"@type\": \"SearchAction\",\n\t                    \"target\": {\n\t                        \"@type\": \"EntryPoint\",\n\t                        \"urlTemplate\": \"https:\/\/www.vita.sk\/?s={search_term_string}\"\n\t                    },\n\t                    \"query-input\": {\n\t                        \"@type\": \"PropertyValueSpecification\",\n\t                        \"valueRequired\": true,\n\t                        \"valueName\": \"search_term_string\"\n\t                    }\n\t                }\n\t            ],\n\t            \"inLanguage\": \"en-US\"\n\t        },\n\t        {\n\t            \"email\": \"admin@vita.sk\",\n\t            \"logo\": \"https:\/\/www.vita.sk\/img\/vita_logo.png \",\n\t            \"address\": {\n\t                \"type\": \"PostalAddress\",\n\t                \"streetAddress\": \"Tom\u00e1\u0161ikova 50\/A\",\n\t                \"addressLocality\": \"Bratislava\",\n\t                \"postalCode\": \"83104\",\n\t                \"addressCountry\": {\n\t                    \"name\": \"SK\",\n\t                    \"type\": \"Country\"\n\t                }\n\t            },\n\t            \"contactPoint\": {\n\t                \"type\": \"ContactPoint\",\n\t                \"telephone\": \"+421 907 375\u00a0543\",\n\t                \"Email\": \"admin@vita.sk\",\n\t                \"contactType\": \"customer service\"\n\t            },\n\t            \"sameAs\": [\n\t                \"https:\/\/www.facebook.com\/VitaAcademySK\/\",\n\t                \"https:\/\/www.linkedin.com\/company\/vita-academy\/\"\n\t            ]\n\t        }\n\t    ]\n\t}<\/script>\n<!-- \/ Yoast SEO Premium plugin. -->","yoast_head_json":{"title":"Online kurz Microsoft Project pre za\u010diato\u010dn\u00edkov 2026 | VITA","description":"V online kurze Microsoft Project pre za\u010diato\u010dn\u00edkov v\u00e1s nau\u010d\u00edme zalo\u017ei\u0165 vlastn\u00fd projekt, definova\u0165 nov\u00e9 \u00falohy a orientova\u0165 sa v rozhran\u00ed. \u2705","robots":{"index":"index","follow":"follow","max-snippet":"max-snippet:-1","max-image-preview":"max-image-preview:large","max-video-preview":"max-video-preview:-1"},"canonical":"https:\/\/www.vita.sk\/online-kurz-microsoft-project-i-zaciatocnik\/","og_locale":"en_US","og_type":"article","og_title":"Online kurz Microsoft Project I. Za\u010diato\u010dn\u00edk","og_description":"V online kurze Microsoft Project pre za\u010diato\u010dn\u00edkov v\u00e1s nau\u010d\u00edme zalo\u017ei\u0165 vlastn\u00fd projekt, definova\u0165 nov\u00e9 \u00falohy a orientova\u0165 sa v rozhran\u00ed. \u2705","og_url":"https:\/\/www.vita.sk\/online-kurz-microsoft-project-i-zaciatocnik\/","og_site_name":"VITA","article_publisher":"https:\/\/www.facebook.com\/VitaAcademySK","article_modified_time":"2025-07-31T12:55:51+00:00","og_image":[{"width":360,"height":360,"url":"https:\/\/www.vita.sk\/wp-content\/uploads\/2019\/08\/microsoft-project.png","type":"image\/png"}],"twitter_card":"summary_large_image","twitter_misc":{"Est. reading time":"2 minutes"},"schema":{"@context":"https:\/\/schema.org","@graph":[{"@type":"WebPage","@id":"https:\/\/www.vita.sk\/online-kurz-microsoft-project-i-zaciatocnik\/","url":"https:\/\/www.vita.sk\/online-kurz-microsoft-project-i-zaciatocnik\/","name":"Online kurz Microsoft Project pre za\u010diato\u010dn\u00edkov {Y} | VITA","isPartOf":{"@id":"https:\/\/www.vita.sk\/#website"},"primaryImageOfPage":{"@id":"https:\/\/www.vita.sk\/online-kurz-microsoft-project-i-zaciatocnik\/#primaryimage"},"image":{"@id":"https:\/\/www.vita.sk\/online-kurz-microsoft-project-i-zaciatocnik\/#primaryimage"},"thumbnailUrl":"https:\/\/www.vita.sk\/wp-content\/uploads\/2019\/08\/microsoft-project.png","datePublished":"2021-08-26T10:48:56+00:00","dateModified":"2025-07-31T12:55:51+00:00","description":"V online kurze Microsoft Project pre za\u010diato\u010dn\u00edkov v\u00e1s nau\u010d\u00edme zalo\u017ei\u0165 vlastn\u00fd projekt, definova\u0165 nov\u00e9 \u00falohy a orientova\u0165 sa v rozhran\u00ed. \u2705","breadcrumb":{"@id":"https:\/\/www.vita.sk\/online-kurz-microsoft-project-i-zaciatocnik\/#breadcrumb"},"inLanguage":"en-US","potentialAction":[{"@type":"ReadAction","target":["https:\/\/www.vita.sk\/online-kurz-microsoft-project-i-zaciatocnik\/"]}]},{"@type":"ImageObject","inLanguage":"en-US","@id":"https:\/\/www.vita.sk\/online-kurz-microsoft-project-i-zaciatocnik\/#primaryimage","url":"https:\/\/www.vita.sk\/wp-content\/uploads\/2019\/08\/microsoft-project.png","contentUrl":"https:\/\/www.vita.sk\/wp-content\/uploads\/2019\/08\/microsoft-project.png","width":360,"height":360,"caption":"Online kurz Microsoft Project"},{"@type":"BreadcrumbList","@id":"https:\/\/www.vita.sk\/online-kurz-microsoft-project-i-zaciatocnik\/#breadcrumb","itemListElement":[{"@type":"ListItem","position":1,"name":"VITA Academy","item":"https:\/\/www.vita.sk\/en\/"},{"@type":"ListItem","position":2,"name":"Shop","item":"https:\/\/www.vita.sk\/shop\/"},{"@type":"ListItem","position":3,"name":"Kancel\u00e1rske Bal\u00edky","item":"https:\/\/www.vita.sk\/online-kurzy-kancelarske-baliky\/"},{"@type":"ListItem","position":4,"name":"Microsoft Project","item":"https:\/\/www.vita.sk\/online-kurzy-microsoft-project\/"},{"@type":"ListItem","position":5,"name":"Online kurz Microsoft Project I. Za\u010diato\u010dn\u00edk"}]},{"@type":"WebSite","@id":"https:\/\/www.vita.sk\/#website","url":"https:\/\/www.vita.sk\/","name":"VITA","description":"","publisher":{"@id":"https:\/\/www.vita.sk\/#organization"},"potentialAction":[{"@type":"SearchAction","target":{"@type":"EntryPoint","urlTemplate":"https:\/\/www.vita.sk\/?s={search_term_string}"},"query-input":{"@type":"PropertyValueSpecification","valueRequired":true,"valueName":"search_term_string"}}],"inLanguage":"en-US"},{"email":"admin@vita.sk","logo":"https:\/\/www.vita.sk\/img\/vita_logo.png ","address":{"type":"PostalAddress","streetAddress":"Tom\u00e1\u0161ikova 50\/A","addressLocality":"Bratislava","postalCode":"83104","addressCountry":{"name":"SK","type":"Country"}},"contactPoint":{"type":"ContactPoint","telephone":"+421 907 375\u00a0543","Email":"admin@vita.sk","contactType":"customer service"},"sameAs":["https:\/\/www.facebook.com\/VitaAcademySK\/","https:\/\/www.linkedin.com\/company\/vita-academy\/"]}]}},"acf":[],"_links":{"self":[{"href":"https:\/\/www.vita.sk\/en\/wp-json\/wp\/v2\/product\/999","targetHints":{"allow":["GET"]}}],"collection":[{"href":"https:\/\/www.vita.sk\/en\/wp-json\/wp\/v2\/product"}],"about":[{"href":"https:\/\/www.vita.sk\/en\/wp-json\/wp\/v2\/types\/product"}],"author":[{"embeddable":true,"href":"https:\/\/www.vita.sk\/en\/wp-json\/wp\/v2\/users\/4"}],"replies":[{"embeddable":true,"href":"https:\/\/www.vita.sk\/en\/wp-json\/wp\/v2\/comments?post=999"}],"wp:featuredmedia":[{"embeddable":true,"href":"https:\/\/www.vita.sk\/en\/wp-json\/wp\/v2\/media\/1161"}],"wp:attachment":[{"href":"https:\/\/www.vita.sk\/en\/wp-json\/wp\/v2\/media?parent=999"}],"wp:term":[{"taxonomy":"product_brand","embeddable":true,"href":"https:\/\/www.vita.sk\/en\/wp-json\/wp\/v2\/product_brand?post=999"},{"taxonomy":"product_cat","embeddable":true,"href":"https:\/\/www.vita.sk\/en\/wp-json\/wp\/v2\/product_cat?post=999"},{"taxonomy":"product_tag","embeddable":true,"href":"https:\/\/www.vita.sk\/en\/wp-json\/wp\/v2\/product_tag?post=999"}],"curies":[{"name":"wp","href":"https:\/\/api.w.org\/{rel}","templated":true}]}}